{"id":386,"date":"2017-10-15T18:39:02","date_gmt":"2017-10-15T18:39:02","guid":{"rendered":"https:\/\/pieroni.org\/?page_id=386"},"modified":"2017-10-16T21:36:06","modified_gmt":"2017-10-16T21:36:06","slug":"paracadutista","status":"publish","type":"page","link":"https:\/\/www.pieroni.org\/index.php\/paracadutista\/","title":{"rendered":"Paracadutista"},"content":{"rendered":"<h3 style=\"text-align: center;\"><em><strong><br \/>\n<\/strong>Vi furono uomini che nel sudore,nel sangue, nella paura,<br \/>\nnel diuturno impegno a meritarsi il rispetto di se stessi,<br \/>\nebbero la ventura di riconoscersi nel nome<br \/>\n<strong>FOLGORE !<\/strong><\/em><\/h3>\n<p style=\"text-align: center;\"><strong>\u00a0<\/strong><\/p>\n<p style=\"text-align: center;\">Come FOLGORE dal cielo &#8230;&#8230; come NEMBO di tempesta<\/p>\n<p style=\"text-align: center;\"><strong>(El ALAMEIN)<\/strong><\/p>\n<p><a href=\"https:\/\/pieroni.org\/index.php\/paracadutista\/sisso3\/\" rel=\"attachment wp-att-393\"><img loading=\"lazy\" decoding=\"async\" class=\"size-full wp-image-393 aligncenter\" src=\"https:\/\/pieroni.org\/wp-content\/uploads\/2017\/10\/sisso3.gif\" alt=\"\" width=\"76\" height=\"209\" \/><\/a><\/p>\n<h3>&#8220;Fra le sabbie non pi\u00f9 deserte son qui di presidio per l\u2019eternit\u00e0 i ragazzi della Folgore: fior fiore di un popolo e d\u2019un esercito in armi.\u00a0 Caduti per una idea, senza\u00a0 rimpianto, onorati\u00a0 nel ricordo\u00a0 dello stesso nemico, essi\u00a0 additano agli italiani, nella buona e nella avversa fortuna, il cammino dell\u2019onore e della gloria&#8221;. Viandante, arrestati e riverisci.<br \/>\nDio degli eserciti, accogli gli spiriti di questi ragazzi in quell\u2019angolo di cielo che riserbi ai martiri ed agli eroi&#8221;.<\/h3>\n<h3><\/h3>\n<h3 style=\"text-align: center;\">Caporal Maggiore Paracadutista<br \/>\nPieroni Sergio<\/h3>\n<h3 style=\"text-align: center;\">13 Lanci\u00a0 Militari Totali. (Velivoli CH47\u00a0 G222\u00a0 C130 AB205 )<br \/>\n1 Emergenza con irvin 80 .<br \/>\n2 Lanci da Pallone Vincolato 150 m di quota .(senza emergenza)<\/h3>\n<h3 style=\"text-align: center;\">13 Marzo 1987<br \/>\nIncorporamento\u00a0 Battaglione Poggio Rusco 7\u00b0 Compagnia 3\u00b0 Plotone II\u00b0 Squadra<br \/>\nCorso di Paracadutismo\u00a0 S.M.I.Par<br \/>\nBrevetto Paracadutista militare n\u00b0113208<br \/>\nAggregato O.M. Livorno per Corso Aiutante Sanit\u00e0<br \/>\nEffettivo 26\u00b0 Squadrone Aviazione Leggera Esercito<br \/>\nAggregato 9\u00b0 Reggimento Incursori Col. Moschin\u00a0 Livorno<br \/>\nInviato in Belgio per corso Commandos presso Schaffen<br \/>\nQualificato Commandos a Merce Le Dame (B)<br \/>\nBrevetto Paracadutista militare Belga<br \/>\nCongedato in data\u00a0 03 Marzo 1988<\/h3>\n<h3>\u00a0<a href=\"https:\/\/pieroni.org\/index.php\/curricula\/logo-folgore\/\" rel=\"attachment wp-att-249\"><img loading=\"lazy\" decoding=\"async\" class=\"alignnone size-full wp-image-249\" src=\"https:\/\/pieroni.org\/wp-content\/uploads\/2017\/10\/Logo-Folgore.gif\" alt=\"\" width=\"183\" height=\"203\" \/><\/a><\/h3>\n<h3>BRIGATA FOLGORE.<\/h3>\n<h3>Questa Unit\u00e0 pu\u00f2 essere considerata il fiore all&#8217;occhiello dell&#8217;Esercito Italiano. Essa \u00e8 l&#8217;erede spirituale e materiale della gloriosa Divisione Folgore e di tutti quei Paracadutisti che in 60 anni le Scuole Militari di Paracadutismo hanno espresso da Castel Benito (Libia 1938), Tarquinia (1940 &#8211; 1943), Tradate (1944 &#8211; 1945), Roma (1946 &#8211; 1950), Viterbo (1950 &#8211; 1957) fino a Pisa dal 1957 in poi.<br \/>\nQueste Scuole hanno, in ogni tempo, addestrato e qualificato Uomini che sempre posero a confronto, con le loro qualit\u00e0 singolari, valore, abnegazione, spirito di sacrificio, sia in guerra che in pace.<\/h3>\n<h3>Nelle battaglie di El Alamein (1942), Taktuna (1943), Poggio Rusco, Filottrano, Nettuno (1944 &#8211; 1945) i paracadutisti hanno scritto pagine sublimi di eroismo; migliaia di essi hanno immolato la loro giovane vita, sono rimasti mutilati o feriti. Le seguenti decorazioni al Valor militare ne sono la pi\u00f9 eloquente testimonianza: 9 Ordini Militari d&#8217;Italia (o di Savoia)<br \/>\n60 Medaglie d&#8217;Oro al V.M.<br \/>\n410 Medaglie d&#8217;Argento al V.M.<br \/>\n417 Medaglie di Bronzo al V.M.<br \/>\n465 Croci di Guerra al V.M. Anche in tempo di pace mai \u00e8 mancata la disponibilit\u00e0 dei Paracadutisti per compiti di ordine pubblico in patria e di mantenimento della pace all&#8217;estero. Le missioni di pace in Libano, Iraq, Bosnia, Somalia, Mozambico ed Albania, pi\u00f9 le operazioni di ordine pubblico a Milano (1948), Trieste (1953), Sicilia e Sardegna negli ultimi anni sono ulteriori testimonianza della professionalit\u00e0 dei Paracadutisti; ad esse si aggiungono gli innumerevoli interventi umanitari a favore delle popolazioni civili colpite da calamit\u00e0 naturali (terremoti ed alluvioni). Dove incombe un pericolo \u00e8 il Paracadutista fra i primi a rappresentare l&#8217;Italia, con slancio ed abnegazione. Durante una visita ai Paracadutisti qualcuno disse: &#8220;Voi siete gli arditi del Cielo e della Terra&#8221; e mai definizione fu pi\u00f9 appropriata.<\/h3>\n<h3><a href=\"https:\/\/pieroni.org\/index.php\/paracadutista\/attachment\/9\/\" rel=\"attachment wp-att-396\"><img loading=\"lazy\" decoding=\"async\" class=\"alignnone size-full wp-image-396\" src=\"https:\/\/pieroni.org\/wp-content\/uploads\/2017\/10\/9\u00b0.jpeg\" alt=\"\" width=\"224\" height=\"225\" srcset=\"https:\/\/www.pieroni.org\/wp-content\/uploads\/2017\/10\/9\u00b0.jpeg 224w, https:\/\/www.pieroni.org\/wp-content\/uploads\/2017\/10\/9\u00b0-150x150.jpeg 150w\" sizes=\"auto, (max-width: 224px) 100vw, 224px\" \/><\/a><\/h3>\n<h3>\u00a0INCURSORI PARACADUTISTI.\u00a0\u00a0 9\u00b0 REGGIMENTO<\/h3>\n<h3>Unico reparto di forze speciali dell\u2019Esercito Italiano, il 9\u00b0 Reggimento d\u2019Assalto Paracadutisti svolge da tempo un ruolo cruciale nel turbolento mondo post bipolare, in cui l\u2019odio etnico, il fanatismo religioso e gli squilibri economici e demografici creano sempre nuove minacce. Basato nella caserma Vannucci di Livorno, Il 9\u00b0 Reggimento d\u2019Assalto Paracadutisti \u201cCol Moschin\u201d \u00e8 l\u2019unico reparto di forze speciali in senso stretto dell\u2019Esercito Italiano. Nella sua qualit\u00e0 di strumento dedicato al conseguimento di obiettivi di carattere essenzialmente strategico-operativo, inquadra personale particolarmente selezionato, addestrato ed equipaggiato, in grado di assolvere qualsiasi tipo di missione speciale:<\/h3>\n<ul>\n<li>\n<h3>Azioni Dirette: incursioni e sabotaggi da condursi con modalit\u00e0 non convenzionali contro obiettivi di elevato valore oltre le linee, in territorio nemico o occupato dal nemico<\/h3>\n<\/li>\n<li>\n<h3>Sorveglianza e Ricognizioni Speciali: operazioni Humint volte alla raccolta di informazioni, sempre di valenza strategica,\u00a0\u00a0per la ricognizione in profondit\u00e0 a profitto dei pi\u00f9 alti comandi e per l\u2019accertamento dei danni apportati.<\/h3>\n<\/li>\n<li>\n<h3>Assistenza Militare, che si concretizza nella collaborazioni addestrativa ed operativa con forze alleate ed amiche, come accaduto recentemente con reparti giordani e maltesi.<\/h3>\n<\/li>\n<li>\n<h3>A queste si sono aggiunte, negli odierni scenari, ulteriori missioni secondarie, che hanno assunto, per la loro valenza politica, elevato valore strategico. Sono le operazioni NEO, Non-combatant Evacuation Operations, per l\u2019evacuazione di connazionale da Paesi a rischio, ed il concorso agli interventi contro il terrorismo e per la liberazione di ostaggi, in Italia per particolari situazioni che richiedano un numero di operatori tale da saturare le capacit\u00e0 di GIS e NOCS, ma soprattutto all\u2019estero. E ancora il Combat SAR, per l\u2019individuazione ed il recupero di piloti abbattuti oltre le linee e la guida di munizionamento terminale a profitto dell\u2019Aeronautica, o comunque la direzione del tiro amico in profondit\u00e0, da qualunque sorgente terrestre, aerea o navale esso provenga. L\u2019elevato addestramento degli operatori, il loro bagaglio di conoscenze militari, tecniche e linguistiche, la loro esperienza operativa nei pi\u00f9 disparati scenari di impiego, la loro abitudine a dosare l\u2019uso della forza per evitare danni collaterali, li rende inoltre gli elementi pi\u00f9 indicati cui affidare ruoli chiave nelle fasi iniziali e \u201ccalde\u201d di una operazione di peacekeeping, quando \u00e8 richiesta sia un\u2019elevata preparazione militare sia una forte capacit\u00e0 diplomatica per sedare situazioni di tensione. La loro esperienza risulta poi preziosa nei comandi di forze multinazionali, quali elementi di collegamento e per il supporto alle operazioni psicologiche volte ad ottenere il consenso delle popolazioni. Per questi motivi i vertici dell\u2019Esercito hanno deciso un progressivo potenziamento degli organici del Reggimento, accogliendo le proposte avanzate in tal senso dal Nucleo FOS per il coordinamento delle Forze per Operazioni Speciali, istituito nel 1998 presso lo SME allo scopo di pianificare l\u2019organizzazione, i compiti, la dottrina operativa, l\u2019addestramento e l\u2019equipaggiamento delle forze per operazioni speciali.<\/h3>\n<p><a href=\"https:\/\/pieroni.org\/index.php\/curricula\/logo-ale\/\" rel=\"attachment wp-att-243\"><img loading=\"lazy\" decoding=\"async\" class=\"alignnone wp-image-243\" src=\"https:\/\/pieroni.org\/wp-content\/uploads\/2017\/10\/Logo-ALE-.gif\" alt=\"\" width=\"210\" height=\"199\" \/><\/a><\/li>\n<\/ul>\n<h3>26\u00b0 Gruppo &#8221; GIOVE &#8220;<\/h3>\n<h3>Il 26\u00b0 Gruppo Squadroni Cavalleria dell&#8217;Aria &#8220;Giove&#8221;, su due squadroni elicotteri da ricognizione, \u00e8 di stanza a Pisa, presso l&#8217;Aeroporto Militare in cui \u00e8 schierata la 46^ Brigata Aerea dell&#8217;Aeronautica Militare. Gli uomini del 26\u00ba sono in massima parte paracadutisti transitati nella Cavalleria dell&#8217;Aria. Il 26\u00ba ha partecipato alle operazioni condotte dalla Brigata in Italia e all&#8217;estero.<\/h3>\n<h3>Il Gruppo trae origini dalla Sezione Elicotteri di Uso Generale (S.E.U.G.) costituita il 1\u00ba luglio 1966 sull&#8217;aeroporto militare di Pisa e posta alle dipendenze della Brigata paracadutisti &#8220;Folgore&#8221; con lo scopo primario di fornire alla Grande Unit\u00e0 un vettore aereo capace di garantire l&#8217;eventuale elitrasporto di traumatizzati nel corso della normale attivit\u00e0 aviolancistica dei Reparti e della Scuola militare di paracadutismo.<br \/>\nNel luglio del 1967 la S.E.U.G. diviene Reparto Aviazione Leggera della Brigata paracadutisti &#8220;Folgore&#8221;.<br \/>\nNel 1975, nell&#8217;ambito della ristrutturazione delle Unit\u00e0 dell&#8217;Esercito, il R.A.L. assume la denominazione di 26\u00ba Gruppo Squadroni ALE (acronimo di Aviazione Leggera dell&#8217;Esercito) &#8220;Giove&#8221;, modificata nel 1993 in 26\u00ba Gruppo Squadroni AVES (acronimo di Aviazione dell&#8217;Esercito) &#8220;Giove&#8221;.<br \/>\nDal 1\u00b0 Gennaio 2000 l&#8217;Aviazione dell&#8217;Esercito transita al completo nell&#8217;Arma di Cavalleria divenendone una specialit\u00e0. I reparti perdono l&#8217;acronimo AVES dal loro nome e divengono di &#8220;Cavalleria dell&#8217;Aria&#8221;.<\/h3>\n","protected":false},"excerpt":{"rendered":"<p>Vi furono uomini che nel sudore,nel sangue, nella paura, nel diuturno impegno a meritarsi il rispetto di se stessi, ebbero la ventura di riconoscersi nel nome FOLGORE ! \u00a0 Come FOLGORE dal cielo &#8230;&#8230; come NEMBO di tempesta (El ALAMEIN) &#8220;Fra le sabbie non pi\u00f9 deserte son qui di presidio per l\u2019eternit\u00e0 i ragazzi della [&hellip;]<\/p>\n","protected":false},"author":1,"featured_media":0,"parent":0,"menu_order":0,"comment_status":"closed","ping_status":"closed","template":"","meta":{"footnotes":""},"class_list":["post-386","page","type-page","status-publish","hentry"],"_links":{"self":[{"href":"https:\/\/www.pieroni.org\/index.php\/wp-json\/wp\/v2\/pages\/386","targetHints":{"allow":["GET"]}}],"collection":[{"href":"https:\/\/www.pieroni.org\/index.php\/wp-json\/wp\/v2\/pages"}],"about":[{"href":"https:\/\/www.pieroni.org\/index.php\/wp-json\/wp\/v2\/types\/page"}],"author":[{"embeddable":true,"href":"https:\/\/www.pieroni.org\/index.php\/wp-json\/wp\/v2\/users\/1"}],"replies":[{"embeddable":true,"href":"https:\/\/www.pieroni.org\/index.php\/wp-json\/wp\/v2\/comments?post=386"}],"version-history":[{"count":12,"href":"https:\/\/www.pieroni.org\/index.php\/wp-json\/wp\/v2\/pages\/386\/revisions"}],"predecessor-version":[{"id":395,"href":"https:\/\/www.pieroni.org\/index.php\/wp-json\/wp\/v2\/pages\/386\/revisions\/395"}],"wp:attachment":[{"href":"https:\/\/www.pieroni.org\/index.php\/wp-json\/wp\/v2\/media?parent=386"}],"curies":[{"name":"wp","href":"https:\/\/api.w.org\/{rel}","templated":true}]}}