{"id":369,"date":"2017-10-15T17:43:16","date_gmt":"2017-10-15T17:43:16","guid":{"rendered":"https:\/\/pieroni.org\/?page_id=369"},"modified":"2017-11-02T20:11:04","modified_gmt":"2017-11-02T19:11:04","slug":"radioamatore","status":"publish","type":"page","link":"https:\/\/www.pieroni.org\/index.php\/radioamatore\/","title":{"rendered":"Radioamatore"},"content":{"rendered":"<p><a href=\"https:\/\/www.pieroni.org\/index.php\/radioamatore\/cw\/\" rel=\"attachment wp-att-463\"><img loading=\"lazy\" decoding=\"async\" class=\"size-full wp-image-463 aligncenter\" src=\"https:\/\/www.pieroni.org\/wp-content\/uploads\/2017\/10\/cw.gif\" alt=\"\" width=\"205\" height=\"143\" \/><\/a><\/p>\n<h2><strong><br \/>\n&#8221; Ieri &#8221;\u00a0 pioniere, inventore, sperimentatore, ricercatore un\u00a0\u00a0nome\u00a0 per\u00a0\u00a0 tutti :\u00a0\u00a0 Guglielmo Marconi .<\/strong><\/h2>\n<p>&nbsp;<\/p>\n<p><a href=\"https:\/\/www.pieroni.org\/index.php\/radioamatore\/licenza\/\" rel=\"attachment wp-att-464\"><img loading=\"lazy\" decoding=\"async\" class=\"size-full wp-image-464 aligncenter\" src=\"https:\/\/www.pieroni.org\/wp-content\/uploads\/2017\/10\/licenza.jpg\" alt=\"\" width=\"646\" height=\"424\" srcset=\"https:\/\/www.pieroni.org\/wp-content\/uploads\/2017\/10\/licenza.jpg 646w, https:\/\/www.pieroni.org\/wp-content\/uploads\/2017\/10\/licenza-150x98.jpg 150w, https:\/\/www.pieroni.org\/wp-content\/uploads\/2017\/10\/licenza-300x197.jpg 300w\" sizes=\"auto, (max-width: 646px) 100vw, 646px\" \/><\/a><\/p>\n<p>&nbsp;<\/p>\n<h4><strong>RADIOAMATORE &#8221; Oggi &#8220;<\/strong>, viene abilitato dalle autorit\u00e0 di ogni paese con apposite norme che prevedono il superamento di un esame teorico di\u00a0<strong>radiotecnica<\/strong>\u00a0e pratico di\u00a0<strong>telegrafica,<\/strong>da sostenersi\u00a0 presso il Ministero delle Poste , ha seguito della giovane et\u00e0 alla quale ho sostenuto l&#8217;esame, (13 anni)\u00e8 stato fissata un&#8217;et\u00e0 minima di 16 anni (sono stato il Radioamatore pi\u00f9 Giovane di Europa ndr).<br \/>\nI radioamatori operano per interesse personale, senza fini di lucro, con l&#8217;obbligo di trasmettere solo informazioni private tecniche e metereologiche o che comunque non possano venire considerate in concorrenza con i servizi commerciali o pubblici di Telecomunicazioni; le trasmissioni vengono effettuate su bande di frequenza &#8220;Dette appunto bande Radioamatoriali&#8221; a loro rigorosamente riservate, nel campo che va dalle onde medio-corte alle microonde. Soprattutto nella banda delle onde corte sfruttando la propagazione ionosferica delle radioonde i radioamatori possono realizzare normalmente radiocollegamenti anche fra stazioni fra loro agli antipodi pur essendo potenze paragonabili a quelle di una comune lampadina e irradiate da antenne di limitata estenzione.<\/h4>\n<h4>Negli ultimi decenni i radioamatori hanno contribuito in modo decisivo allo studio della propagazione dello radioonde\u00a0\u00a0di frequenza superiore ai 30 MHz\u00a0\u00a0collaborando pure alle iniziative condotte in occasione di studi ed esplorazioni geofisici, per cui le loro esperienze sono riconosciute come di grande interesse teorico e pratico ai fini dello studio delle radiocomunicazioni. Vari satelliti spaziali sono stati infatti messi a disposizione dei radioamatori proprio perch\u00e9 le esperienze de essi condotti,\u00a0\u00a0in particolare in frequenze dai 2 ai 40 GHz, sono risultate molto importanti per l&#8217;attivazione dei satelliti per telecomunicazioni. Ai radioamatori sono riservati diverse bande di frequenza sia per l\u2019impiego esclusivo che in uso secondario.<\/h4>\n<h4>L\u2019affollamento dello spettro elettromagnetico dovuto alla diffusione delle applicazioni esistenti e al moltiplicarsi di nuove, come le trasmissioni digitali audio e i collegamenti via satellite dei servizi radiomobili, che richiedono un loro spazio nello spettro, ha portato alla conferenza WARC 92\u00a0\u00a0( World Admistrative Radio Conference 1992 : Conferenza Mondiale per la Radio del l992).<\/h4>\n<h4>E\u2019 prevista entro il 2000 la razionalizzazione dell\u2019allocazione delle frequenze, con aggiustamenti per le bande amatoriali che lasciano inalterate l&#8217;ampiezza e la priorit\u00e0 di utilizzazione.<\/h4>\n<h4>I radioamatori affiancano le autorit\u00e0 in vari servizi sociali specie nell\u2019ambito della \u201c Protezione Civile\u201d. Per esempio se, per una calamit\u00e0 naturale, le telecomunicazioni in una localit\u00e0 divengono carenti, il Corpo Emergenza Radiatori interviene con squadre di volontari di pronto intervento dotati di mezzi e riserve per almeno tre giorni di completa autonomia\u00a0\u00a0anche dalle fonti di energia elettrica.<\/h4>\n<h4>E\u2019 possibile cosi creare delle reti di radiocomunicazioni di emergenza.<\/h4>\n<h4>Il radioamatore negli anni si \u00e8 evoluto e ha sempre cercato di applicare nuove tecnologie alle radio una di queste \u00e8 la comunicazione digitale via radio. Questa ha portato i radioamatori a realizzare una rete denominata \u201c paket-radio\u201d il cui compito e quello di scambiarsi messaggi per tenersi costantemente aggiornati ed in caso di calamit\u00e0 naturali possa essere sfruttata per trasmettere informazioni\u00a0\u00a0in formato digitale. Tale implementazione permette di scambiare testi scritti con molte pi\u00f9 informazioni di un messaggio\u00a0\u00a0vocale, lasciando cos\u00ec i canali voce liberi per trasmissioni d\u2019urgenza.<\/h4>\n<h4>Il radioamatore quindi si \u00e8 costruito nel tempo una personalit\u00e0 propria che non ha eguali in nessun altro campo ed in tutto il mondo viene legittimamente riconosciuto il proprio operato.\u00a0\u00a0In questi ultimi anni in Italia per\u00f2 le nostre autorit\u00e0 hanno purtroppo operato numerose restrizioni di frequenza ai radioamatori portandoli ad effettuare dei cambiamenti radicali. Quest\u2019ultima purtroppo in assenza di una legge chiara in matteria basti sapere che a tutt\u2019oggi in Italia vige una legge del\u00a0 1936 (Regio Decreto nr. 645), e tale Legge \u00e8 stata riordinata in seguito dai DPR nr 1214 del 1966 nr. 156 del 1973. tutte le concessioni sono rilasciate al ministero delle comunicazioni che dispone in tutto e per tutto dei radioamatori.<\/h4>\n<p><a href=\"http:\/\/www.qrz.com\/\"><strong>Data Base Mondiale Radioamatori<\/strong><\/a><strong>\u00a0\u00a0\u00a0\u00a0\u00a0\u00a0\u00a0\u00a0<a href=\"http:\/\/www.radiomarconi.com\/\">Guglielmo MARCONI<\/a><\/strong><\/p>\n<p>&nbsp;<\/p>\n","protected":false},"excerpt":{"rendered":"<p>&#8221; Ieri &#8221;\u00a0 pioniere, inventore, sperimentatore, ricercatore un\u00a0\u00a0nome\u00a0 per\u00a0\u00a0 tutti :\u00a0\u00a0 Guglielmo Marconi . &nbsp; &nbsp; RADIOAMATORE &#8221; Oggi &#8220;, viene abilitato dalle autorit\u00e0 di ogni paese con apposite norme che prevedono il superamento di un esame teorico di\u00a0radiotecnica\u00a0e pratico di\u00a0telegrafica,da sostenersi\u00a0 presso il Ministero delle Poste , ha seguito della giovane et\u00e0 alla quale [&hellip;]<\/p>\n","protected":false},"author":1,"featured_media":0,"parent":0,"menu_order":0,"comment_status":"closed","ping_status":"closed","template":"","meta":{"footnotes":""},"class_list":["post-369","page","type-page","status-publish","hentry"],"_links":{"self":[{"href":"https:\/\/www.pieroni.org\/index.php\/wp-json\/wp\/v2\/pages\/369","targetHints":{"allow":["GET"]}}],"collection":[{"href":"https:\/\/www.pieroni.org\/index.php\/wp-json\/wp\/v2\/pages"}],"about":[{"href":"https:\/\/www.pieroni.org\/index.php\/wp-json\/wp\/v2\/types\/page"}],"author":[{"embeddable":true,"href":"https:\/\/www.pieroni.org\/index.php\/wp-json\/wp\/v2\/users\/1"}],"replies":[{"embeddable":true,"href":"https:\/\/www.pieroni.org\/index.php\/wp-json\/wp\/v2\/comments?post=369"}],"version-history":[{"count":7,"href":"https:\/\/www.pieroni.org\/index.php\/wp-json\/wp\/v2\/pages\/369\/revisions"}],"predecessor-version":[{"id":472,"href":"https:\/\/www.pieroni.org\/index.php\/wp-json\/wp\/v2\/pages\/369\/revisions\/472"}],"wp:attachment":[{"href":"https:\/\/www.pieroni.org\/index.php\/wp-json\/wp\/v2\/media?parent=369"}],"curies":[{"name":"wp","href":"https:\/\/api.w.org\/{rel}","templated":true}]}}