{"id":33,"date":"2017-10-11T15:22:12","date_gmt":"2017-10-11T15:22:12","guid":{"rendered":"https:\/\/pieroni.org\/?page_id=33"},"modified":"2017-10-17T18:51:27","modified_gmt":"2017-10-17T17:51:27","slug":"odontotecnico","status":"publish","type":"page","link":"https:\/\/www.pieroni.org\/index.php\/odontotecnico\/","title":{"rendered":"Odontotecnico"},"content":{"rendered":"<h3><a href=\"https:\/\/pieroni.org\/index.php\/curricula\/logo-unita-odonto\/\" rel=\"attachment wp-att-259\"><img loading=\"lazy\" decoding=\"async\" class=\"wp-image-259 aligncenter\" src=\"https:\/\/pieroni.org\/wp-content\/uploads\/2017\/10\/Logo-Unita-Odonto.gif\" alt=\"\" width=\"371\" height=\"163\" \/><\/a><\/h3>\n<h3><\/h3>\n<h3><strong>\u00a0<\/strong><\/h3>\n<h3>Registrazione Ministero Sanit\u00e0\u00a0\u00a0\u00a0n\u00b0 ITCA010058<\/h3>\n<h3><em>L &#8216;Unit\u00e0 Odontoprotesica nasce il 21 Marzo 1981 .<br \/>\nCon la costituzione di questa struttura sanitaria privata, si vuol riproporre il modello Americano dove l&#8217;utente riceve un servizio senza soluzione di continuit\u00e0 .<br \/>\nLa struttura conta 3 medici Odontoiatri, 2 Odontotecnici,1 infermiera e 1 segretaria.<br \/>\nAll&#8217;interno della Unit\u00e0 Odontoprotesica, sar\u00e0 possibile effettuare direttamente operazioni di finanziamento, dilazioni di pagamento, il rapporto diretto tra Paziente, Medico, Odontotecnico realizza nel minor tempo elevate realizzazioni odontoiatriche e protesiche\u00a0 in tempi ragionevolmente ristretti.<br \/>\nUn servizio a 360\u00b0 porter\u00e0 questa struttura ad essere di riferimento nel settore .<br \/>\nL&#8217;Unit\u00e0 Odontoprotesica cessa di essere del proprietario Sergio Pieroni il 31 Dicembre 1999.<br \/>\nA tale data si conta un parco clienti di oltre 1600 utenti ed un fatturato di circa 920.000.000 di lire.<br \/>\n<\/em><\/h3>\n<h3><\/h3>\n<h3>\u00a0<a href=\"https:\/\/pieroni.org\/index.php\/odontotecnico\/work\/\" rel=\"attachment wp-att-360\"><img loading=\"lazy\" decoding=\"async\" class=\"wp-image-360 aligncenter\" src=\"https:\/\/pieroni.org\/wp-content\/uploads\/2017\/10\/work.gif\" alt=\"\" width=\"510\" height=\"329\" \/><\/a><\/h3>\n<h3><a href=\"https:\/\/pieroni.org\/index.php\/odontotecnico\/lab\/\" rel=\"attachment wp-att-355\"><img loading=\"lazy\" decoding=\"async\" class=\"wp-image-355 aligncenter\" src=\"https:\/\/pieroni.org\/wp-content\/uploads\/2017\/10\/lab.gif\" alt=\"\" width=\"516\" height=\"346\" \/><\/a><\/h3>\n<h3>\u00a0<a href=\"https:\/\/pieroni.org\/index.php\/odontotecnico\/riunito-2\/\" rel=\"attachment wp-att-358\"><img loading=\"lazy\" decoding=\"async\" class=\"wp-image-358 aligncenter\" src=\"https:\/\/pieroni.org\/wp-content\/uploads\/2017\/10\/Riunito-2.gif\" alt=\"\" width=\"498\" height=\"675\" \/><\/a><\/h3>\n<h3><\/h3>\n<h3><u>La protesi fissa<\/u><br \/>\n<em>La protesi fissa si divide sostanzialmente in due gruppi:<br \/>\n&#8211; nel primo la parte estetica \u00e8 realizzata in resine o materiali similari (compositi, policarbonati,etc.)<br \/>\n&#8211; nel secondo la parte estetica \u00e8 realizzata in ceramica o in resina<br \/>\nSolitamente la parte estetica viene realizzata su un supporto metallico fuso; pu\u00f2 trattarsi di metallo pi\u00f9 o meno prezioso (leghe a base di oro, platino, palladio) o anche vile (cromo-cobalto).<br \/>\nLa realizzazione in materiale non ceramico e\/o lega vile, tende a dare alla protesi fissa un livello di qualit\u00e0 inferiore anche se questo non \u00e8 sempre vero.<br \/>\nI dispositivi fissi in ceramica senza metallo (non sempre realizzabili) sono particolarmente indicati per l&#8217;estetica che garantiscono.<br \/>\nUltimamente stanno avanzando nuove tecnologie, che prevedono l&#8217;uso di titanio \u00e8 saldatura laser degli elementi; sono tecniche particolarmente adatte a garantire un ottimo livello qualitativo del dispositivo.<br \/>\nLa realizzazione di una protesi fissa prevede la necessit\u00e0 di avere un sufficiente numero di denti che andranno preparati (monconizzati) e rivestiti, che fungeranno da pilastro per i denti mancanti e sui quali sar\u00e0 cementato il dispositivo.<br \/>\n<\/em><u><br \/>\nLavori realizzati<\/u><\/h3>\n<h3><a href=\"https:\/\/pieroni.org\/index.php\/odontotecnico\/prima\/\" rel=\"attachment wp-att-357\"><img loading=\"lazy\" decoding=\"async\" class=\"wp-image-357 aligncenter\" src=\"https:\/\/pieroni.org\/wp-content\/uploads\/2017\/10\/prima.jpg\" alt=\"\" width=\"560\" height=\"385\" \/><\/a><\/h3>\n<h3><a href=\"https:\/\/pieroni.org\/index.php\/odontotecnico\/durante\/\" rel=\"attachment wp-att-349\"><img loading=\"lazy\" decoding=\"async\" class=\" wp-image-349 aligncenter\" src=\"https:\/\/pieroni.org\/wp-content\/uploads\/2017\/10\/durante.jpg\" alt=\"\" width=\"571\" height=\"386\" \/><\/a>\u00a0<a href=\"https:\/\/pieroni.org\/index.php\/odontotecnico\/finito\/\" rel=\"attachment wp-att-350\"><img loading=\"lazy\" decoding=\"async\" class=\"wp-image-350 aligncenter\" src=\"https:\/\/pieroni.org\/wp-content\/uploads\/2017\/10\/finito.jpg\" alt=\"\" width=\"572\" height=\"387\" \/><\/a><\/h3>\n<h3><u>La protesi mobile<\/u><\/h3>\n<h3><em>La protesi definita comunemente &#8220;mobile&#8221; sarebbe in realt\u00e0 pi\u00f9 corretto definirla &#8220;rimovibile&#8221; ed \u00e8 un dispositivo che sostituisce tutti (completa) o solo alcuni (parziale).<br \/>\nSi tratta di protesi realizzate in resina acrilica rosa, sulla quale sono montati i denti mancanti.<br \/>\nNel caso della protesi parziale la sua stabilit\u00e0 \u00e8 data dall&#8217;ancoraggio ai denti rimasti tramite ganci fusi od in filo; nella protesi completa si utilizza la pressione negativa data dalla suzione che si ha con l&#8217;aderenza della protesi alla mucosa.<br \/>\nE&#8217; necessario che le protesi mobili abbiano una buona aderenza con la mucosa e siano sottoposte a controlli frequenti con periodiche ribasature.<br \/>\nViste le nuove tecniche in auge, la protesi parziale andrebbe intesa piuttosto come un dispositivo provvisorio in attesa si soluzioni definitive scheletrate, o fisse<\/em><\/h3>\n<h3><\/h3>\n<h3><a href=\"https:\/\/pieroni.org\/index.php\/odontotecnico\/img20\/\" rel=\"attachment wp-att-353\"><img loading=\"lazy\" decoding=\"async\" class=\"wp-image-353 aligncenter\" src=\"https:\/\/pieroni.org\/wp-content\/uploads\/2017\/10\/img20.jpg\" alt=\"\" width=\"493\" height=\"368\" \/><\/a><\/h3>\n<h3><a href=\"https:\/\/pieroni.org\/index.php\/odontotecnico\/img21\/\" rel=\"attachment wp-att-354\"><img loading=\"lazy\" decoding=\"async\" class=\"wp-image-354 aligncenter\" src=\"https:\/\/pieroni.org\/wp-content\/uploads\/2017\/10\/img21.jpg\" alt=\"\" width=\"488\" height=\"403\" \/><\/a><\/h3>\n<h3><\/h3>\n<h3><\/h3>\n<h3><u>La protesi su impianti<\/u><\/h3>\n<h3><em>La realizzazione del dispositivo protesico, \u00e8 preceduta da una serie di interventi di piccola chirurgia, nei quali vengono impiantati dispositivi (solitamente viti in titanio).<br \/>\nQueste hanno lo scopo di rendere disponibili pilastri od ancoraggi, in zone della mandibola o della mascella in cui si \u00e8 persa la dentizione naturale.<br \/>\nLe protesi su impianti possono sostituire singoli denti mancanti o anche tutta l&#8217;arcata superiore od inferiore.<br \/>\nUna volta terminata l&#8217;operazione di impianto, si passa ad un lungo periodo di stabilizzazione, senza e con dispositivi provvisori<br \/>\nUna volta accertata la osteointegrazione degli impianti (alcuni mesi), si passa alla protesizzazione che pu\u00f2 essere fissa o rimovibile<br \/>\nNel caso di dispositivi fissi le caratteristiche saranno quelle tipiche della protesi fissa.<br \/>\nPer i dispositivi rimovibili le caratteristiche saranno quella della protesi combinata.<br \/>\nE&#8217; necessario affidarsi a professionisti serie e specificatamente preparati nel campo dell&#8217;implantologia<br \/>\n<\/em><em>\u00a0\u00a0\u00a0\u00a0\u00a0\u00a0\u00a0\u00a0\u00a0\u00a0\u00a0\u00a0\u00a0\u00a0\u00a0\u00a0\u00a0\u00a0\u00a0\u00a0\u00a0\u00a0<\/em><br \/>\n<strong>\u00a0\u00a0\u00a0\u00a0\u00a0\u00a0\u00a0\u00a0\u00a0\u00a0\u00a0\u00a0\u00a0\u00a0\u00a0\u00a0\u00a0\u00a0\u00a0\u00a0\u00a0\u00a0\u00a0<a href=\"https:\/\/pieroni.org\/index.php\/odontotecnico\/img16\/\" rel=\"attachment wp-att-352\"><img loading=\"lazy\" decoding=\"async\" class=\"alignnone wp-image-352\" src=\"https:\/\/pieroni.org\/wp-content\/uploads\/2017\/10\/img16.gif\" alt=\"\" width=\"432\" height=\"176\" \/><\/a>\u00a0\u00a0\u00a0\u00a0\u00a0\u00a0\u00a0\u00a0\u00a0\u00a0\u00a0\u00a0\u00a0\u00a0\u00a0\u00a0\u00a0\u00a0\u00a0\u00a0\u00a0\u00a0\u00a0\u00a0\u00a0\u00a0\u00a0\u00a0\u00a0\u00a0\u00a0\u00a0\u00a0\u00a0\u00a0\u00a0\u00a0\u00a0\u00a0\u00a0\u00a0\u00a0\u00a0\u00a0\u00a0\u00a0\u00a0\u00a0\u00a0\u00a0\u00a0\u00a0\u00a0\u00a0\u00a0\u00a0\u00a0\u00a0<\/strong><\/h3>\n<h3><strong>\u00a0\u00a0\u00a0\u00a0\u00a0\u00a0\u00a0<\/strong><\/h3>\n<h3><\/h3>\n<p>&nbsp;<\/p>\n","protected":false},"excerpt":{"rendered":"<p>\u00a0 Registrazione Ministero Sanit\u00e0\u00a0\u00a0\u00a0n\u00b0 ITCA010058 L &#8216;Unit\u00e0 Odontoprotesica nasce il 21 Marzo 1981 . Con la costituzione di questa struttura sanitaria privata, si vuol riproporre il modello Americano dove l&#8217;utente riceve un servizio senza soluzione di continuit\u00e0 . La struttura conta 3 medici Odontoiatri, 2 Odontotecnici,1 infermiera e 1 segretaria. All&#8217;interno della Unit\u00e0 Odontoprotesica, sar\u00e0 [&hellip;]<\/p>\n","protected":false},"author":1,"featured_media":0,"parent":0,"menu_order":0,"comment_status":"closed","ping_status":"closed","template":"","meta":{"footnotes":""},"class_list":["post-33","page","type-page","status-publish","hentry"],"_links":{"self":[{"href":"https:\/\/www.pieroni.org\/index.php\/wp-json\/wp\/v2\/pages\/33","targetHints":{"allow":["GET"]}}],"collection":[{"href":"https:\/\/www.pieroni.org\/index.php\/wp-json\/wp\/v2\/pages"}],"about":[{"href":"https:\/\/www.pieroni.org\/index.php\/wp-json\/wp\/v2\/types\/page"}],"author":[{"embeddable":true,"href":"https:\/\/www.pieroni.org\/index.php\/wp-json\/wp\/v2\/users\/1"}],"replies":[{"embeddable":true,"href":"https:\/\/www.pieroni.org\/index.php\/wp-json\/wp\/v2\/comments?post=33"}],"version-history":[{"count":22,"href":"https:\/\/www.pieroni.org\/index.php\/wp-json\/wp\/v2\/pages\/33\/revisions"}],"predecessor-version":[{"id":452,"href":"https:\/\/www.pieroni.org\/index.php\/wp-json\/wp\/v2\/pages\/33\/revisions\/452"}],"wp:attachment":[{"href":"https:\/\/www.pieroni.org\/index.php\/wp-json\/wp\/v2\/media?parent=33"}],"curies":[{"name":"wp","href":"https:\/\/api.w.org\/{rel}","templated":true}]}}